{"id":11,"date":"2020-09-21T15:36:24","date_gmt":"2020-09-21T13:36:24","guid":{"rendered":"http:\/\/web.germantimber.company\/?page_id=11"},"modified":"2022-09-22T23:19:07","modified_gmt":"2022-09-22T21:19:07","slug":"start","status":"publish","type":"page","link":"https:\/\/www.germantimber.company\/en\/","title":{"rendered":"Home"},"content":{"rendered":"<div data-elementor-type=\"wp-page\" data-elementor-id=\"11\" class=\"elementor elementor-11\" data-elementor-post-type=\"page\">\n\t\t\t\t\t\t<section class=\"elementor-section elementor-top-section elementor-element elementor-element-6daa0c4 elementor-section-height-min-height elementor-section-boxed elementor-section-height-default elementor-section-items-middle\" data-id=\"6daa0c4\" data-element_type=\"section\" data-e-type=\"section\" data-settings=\"{&quot;background_background&quot;:&quot;video&quot;,&quot;background_video_link&quot;:&quot;https:\\\/\\\/www.germantimber.company\\\/wp-content\\\/uploads\\\/2020\\\/10\\\/wald.mp4&quot;,&quot;background_play_on_mobile&quot;:&quot;yes&quot;}\">\n\t\t\t\t\t\t\t\t<div class=\"elementor-background-video-container\">\n\t\t\t\t\t\t\t\t\t\t\t\t\t<video class=\"elementor-background-video-hosted\" role=\"presentation\" autoplay muted playsinline loop><\/video>\n\t\t\t\t\t\t\t\t\t\t\t<\/div>\n\t\t\t\t\t\t\t\t\t<div class=\"elementor-background-overlay\"><\/div>\n\t\t\t\t\t\t\t<div class=\"elementor-container elementor-column-gap-no\">\n\t\t\t\t\t<div class=\"elementor-column elementor-col-100 elementor-top-column elementor-element elementor-element-cd734f7\" data-id=\"cd734f7\" data-element_type=\"column\" data-e-type=\"column\">\n\t\t\t<div class=\"elementor-widget-wrap elementor-element-populated\">\n\t\t\t\t\t\t<div class=\"elementor-element elementor-element-6002911 animated-slow elementor-invisible elementor-widget elementor-widget-heading\" data-id=\"6002911\" data-element_type=\"widget\" data-e-type=\"widget\" data-settings=\"{&quot;_animation&quot;:&quot;fadeInUp&quot;,&quot;_animation_delay&quot;:2500}\" data-widget_type=\"heading.default\">\n\t\t\t\t<div class=\"elementor-widget-container\">\n\t\t\t\t\t<h2 class=\"elementor-heading-title elementor-size-default\">German Timber Company<\/h2>\t\t\t\t<\/div>\n\t\t\t\t<\/div>\n\t\t\t\t<div class=\"elementor-element elementor-element-467cee5 animated-slow elementor-invisible elementor-widget elementor-widget-heading\" data-id=\"467cee5\" data-element_type=\"widget\" data-e-type=\"widget\" data-settings=\"{&quot;_animation&quot;:&quot;zoomIn&quot;,&quot;_animation_delay&quot;:500}\" data-widget_type=\"heading.default\">\n\t\t\t\t<div class=\"elementor-widget-container\">\n\t\t\t\t\t<h2 class=\"elementor-heading-title elementor-size-default\">Wood is our passion!<\/h2>\t\t\t\t<\/div>\n\t\t\t\t<\/div>\n\t\t\t\t<div class=\"elementor-element elementor-element-bd5348d elementor-align-center elementor-invisible elementor-widget elementor-widget-button\" data-id=\"bd5348d\" data-element_type=\"widget\" data-e-type=\"widget\" data-settings=\"{&quot;_animation&quot;:&quot;fadeInDown&quot;,&quot;_animation_delay&quot;:4000}\" data-widget_type=\"button.default\">\n\t\t\t\t<div class=\"elementor-widget-container\">\n\t\t\t\t\t\t\t\t\t<div class=\"elementor-button-wrapper\">\n\t\t\t\t\t<a class=\"elementor-button elementor-button-link elementor-size-md\" href=\"https:\/\/www.germantimber.company\/en\/ueber-uns\/\">\n\t\t\t\t\t\t<span class=\"elementor-button-content-wrapper\">\n\t\t\t\t\t\t\t\t\t<span class=\"elementor-button-text\">learn more<\/span>\n\t\t\t\t\t<\/span>\n\t\t\t\t\t<\/a>\n\t\t\t\t<\/div>\n\t\t\t\t\t\t\t\t<\/div>\n\t\t\t\t<\/div>\n\t\t\t\t\t<\/div>\n\t\t<\/div>\n\t\t\t\t\t<\/div>\n\t\t<\/section>\n\t\t\t\t<section class=\"elementor-section elementor-top-section elementor-element elementor-element-f439c21 elementor-section-boxed elementor-section-height-default elementor-section-height-default\" data-id=\"f439c21\" data-element_type=\"section\" data-e-type=\"section\">\n\t\t\t\t\t\t<div class=\"elementor-container elementor-column-gap-default\">\n\t\t\t\t\t<div class=\"elementor-column elementor-col-50 elementor-top-column elementor-element elementor-element-19dae2e\" data-id=\"19dae2e\" data-element_type=\"column\" data-e-type=\"column\" data-settings=\"{&quot;background_background&quot;:&quot;classic&quot;}\">\n\t\t\t<div class=\"elementor-widget-wrap elementor-element-populated\">\n\t\t\t\t\t\t<div class=\"elementor-element elementor-element-5aa9c08 elementor-widget elementor-widget-heading\" data-id=\"5aa9c08\" data-element_type=\"widget\" data-e-type=\"widget\" data-widget_type=\"heading.default\">\n\t\t\t\t<div class=\"elementor-widget-container\">\n\t\t\t\t\t<h2 class=\"elementor-heading-title elementor-size-default\">Wood is the basis of our work<\/h2>\t\t\t\t<\/div>\n\t\t\t\t<\/div>\n\t\t\t\t<div class=\"elementor-element elementor-element-2198eab elementor-widget elementor-widget-heading\" data-id=\"2198eab\" data-element_type=\"widget\" data-e-type=\"widget\" data-widget_type=\"heading.default\">\n\t\t\t\t<div class=\"elementor-widget-container\">\n\t\t\t\t\t<h2 class=\"elementor-heading-title elementor-size-default\">A unique raw material<\/h2>\t\t\t\t<\/div>\n\t\t\t\t<\/div>\n\t\t\t\t<div class=\"elementor-element elementor-element-01bf60c elementor-widget-divider--view-line elementor-invisible elementor-widget elementor-widget-divider\" data-id=\"01bf60c\" data-element_type=\"widget\" data-e-type=\"widget\" data-settings=\"{&quot;_animation&quot;:&quot;slideInLeft&quot;}\" data-widget_type=\"divider.default\">\n\t\t\t\t<div class=\"elementor-widget-container\">\n\t\t\t\t\t\t\t<div class=\"elementor-divider\">\n\t\t\t<span class=\"elementor-divider-separator\">\n\t\t\t\t\t\t<\/span>\n\t\t<\/div>\n\t\t\t\t\t\t<\/div>\n\t\t\t\t<\/div>\n\t\t\t\t<div class=\"elementor-element elementor-element-8972f27 elementor-widget elementor-widget-text-editor\" data-id=\"8972f27\" data-element_type=\"widget\" data-e-type=\"widget\" data-widget_type=\"text-editor.default\">\n\t\t\t\t<div class=\"elementor-widget-container\">\n\t\t\t\t\t\t\t\t\t<p>Wood enriches our life of the past, the present and the future. Unique in properties and appearance.<\/p>\t\t\t\t\t\t\t\t<\/div>\n\t\t\t\t<\/div>\n\t\t\t\t\t<\/div>\n\t\t<\/div>\n\t\t\t\t<div class=\"elementor-column elementor-col-50 elementor-top-column elementor-element elementor-element-b91dabe\" data-id=\"b91dabe\" data-element_type=\"column\" data-e-type=\"column\" data-settings=\"{&quot;background_background&quot;:&quot;classic&quot;}\">\n\t\t\t<div class=\"elementor-widget-wrap elementor-element-populated\">\n\t\t\t\t\t\t<div class=\"elementor-element elementor-element-ae484ef animated-slow elementor-invisible elementor-widget elementor-widget-image\" data-id=\"ae484ef\" data-element_type=\"widget\" data-e-type=\"widget\" data-settings=\"{&quot;_animation&quot;:&quot;rotateInDownRight&quot;,&quot;_animation_delay&quot;:500}\" data-widget_type=\"image.default\">\n\t\t\t\t<div class=\"elementor-widget-container\">\n\t\t\t\t\t\t\t\t\t\t\t\t\t\t\t<img fetchpriority=\"high\" decoding=\"async\" width=\"800\" height=\"795\" src=\"https:\/\/www.germantimber.company\/wp-content\/uploads\/2020\/10\/baum-querschnitt.png\" class=\"attachment-large size-large wp-image-275\" alt=\"Holzexport\" srcset=\"https:\/\/www.germantimber.company\/wp-content\/uploads\/2020\/10\/baum-querschnitt.png 900w, https:\/\/www.germantimber.company\/wp-content\/uploads\/2020\/10\/baum-querschnitt-300x298.png 300w, https:\/\/www.germantimber.company\/wp-content\/uploads\/2020\/10\/baum-querschnitt-150x150.png 150w, https:\/\/www.germantimber.company\/wp-content\/uploads\/2020\/10\/baum-querschnitt-768x763.png 768w\" sizes=\"(max-width: 800px) 100vw, 800px\" \/>\t\t\t\t\t\t\t\t\t\t\t\t\t\t\t<\/div>\n\t\t\t\t<\/div>\n\t\t\t\t\t<\/div>\n\t\t<\/div>\n\t\t\t\t\t<\/div>\n\t\t<\/section>\n\t\t\t\t<section class=\"elementor-section elementor-top-section elementor-element elementor-element-373d6e6 elementor-section-boxed elementor-section-height-default elementor-section-height-default\" data-id=\"373d6e6\" data-element_type=\"section\" data-e-type=\"section\">\n\t\t\t\t\t\t<div class=\"elementor-container elementor-column-gap-default\">\n\t\t\t\t\t<div class=\"elementor-column elementor-col-33 elementor-top-column elementor-element elementor-element-e14cd16\" data-id=\"e14cd16\" data-element_type=\"column\" data-e-type=\"column\" data-settings=\"{&quot;background_background&quot;:&quot;classic&quot;}\">\n\t\t\t<div class=\"elementor-widget-wrap elementor-element-populated\">\n\t\t\t\t\t\t<div class=\"elementor-element elementor-element-eb49614 elementor-widget elementor-widget-image\" data-id=\"eb49614\" data-element_type=\"widget\" data-e-type=\"widget\" data-widget_type=\"image.default\">\n\t\t\t\t<div class=\"elementor-widget-container\">\n\t\t\t\t\t\t\t\t\t\t\t\t\t\t\t\t<a href=\"https:\/\/www.germantimber.company\/en\/weichholzstaemm\/\">\n\t\t\t\t\t\t\t<img decoding=\"async\" src=\"https:\/\/www.germantimber.company\/wp-content\/uploads\/elementor\/thumbs\/weichholzstaemme-ovvrgnah8iv4lojwkm7lw4jz2q5i4mu4fyb1vbolg4.jpg\" title=\"weichholzstaemme\" alt=\"weichholzstaemme\" loading=\"lazy\" \/>\t\t\t\t\t\t\t\t<\/a>\n\t\t\t\t\t\t\t\t\t\t\t\t\t\t\t<\/div>\n\t\t\t\t<\/div>\n\t\t\t\t<div class=\"elementor-element elementor-element-f463e39 animated-slow elementor-invisible elementor-widget elementor-widget-heading\" data-id=\"f463e39\" data-element_type=\"widget\" data-e-type=\"widget\" data-settings=\"{&quot;_animation&quot;:&quot;fadeIn&quot;}\" data-widget_type=\"heading.default\">\n\t\t\t\t<div class=\"elementor-widget-container\">\n\t\t\t\t\t<h2 class=\"elementor-heading-title elementor-size-default\">soft<br>wood<\/h2>\t\t\t\t<\/div>\n\t\t\t\t<\/div>\n\t\t\t\t<div class=\"elementor-element elementor-element-0fd825a elementor-widget elementor-widget-text-editor\" data-id=\"0fd825a\" data-element_type=\"widget\" data-e-type=\"widget\" data-widget_type=\"text-editor.default\">\n\t\t\t\t<div class=\"elementor-widget-container\">\n\t\t\t\t\t\t\t\t\t<p>Softwood is more weather-resistant and homogeneous than hardwood and is mainly used as construction and sawn timber.<\/p>\t\t\t\t\t\t\t\t<\/div>\n\t\t\t\t<\/div>\n\t\t\t\t<div class=\"elementor-element elementor-element-e1289f9 elementor-align-center elementor-mobile-align-center elementor-widget elementor-widget-button\" data-id=\"e1289f9\" data-element_type=\"widget\" data-e-type=\"widget\" data-widget_type=\"button.default\">\n\t\t\t\t<div class=\"elementor-widget-container\">\n\t\t\t\t\t\t\t\t\t<div class=\"elementor-button-wrapper\">\n\t\t\t\t\t<a class=\"elementor-button elementor-button-link elementor-size-sm\" href=\"https:\/\/www.germantimber.company\/en\/weichholzstaemm\/\">\n\t\t\t\t\t\t<span class=\"elementor-button-content-wrapper\">\n\t\t\t\t\t\t\t\t\t<span class=\"elementor-button-text\">more information<\/span>\n\t\t\t\t\t<\/span>\n\t\t\t\t\t<\/a>\n\t\t\t\t<\/div>\n\t\t\t\t\t\t\t\t<\/div>\n\t\t\t\t<\/div>\n\t\t\t\t\t<\/div>\n\t\t<\/div>\n\t\t\t\t<div class=\"elementor-column elementor-col-33 elementor-top-column elementor-element elementor-element-9ef694e\" data-id=\"9ef694e\" data-element_type=\"column\" data-e-type=\"column\" data-settings=\"{&quot;background_background&quot;:&quot;classic&quot;}\">\n\t\t\t<div class=\"elementor-widget-wrap elementor-element-populated\">\n\t\t\t\t\t\t<div class=\"elementor-element elementor-element-f7918cd elementor-widget elementor-widget-image\" data-id=\"f7918cd\" data-element_type=\"widget\" data-e-type=\"widget\" data-widget_type=\"image.default\">\n\t\t\t\t<div class=\"elementor-widget-container\">\n\t\t\t\t\t\t\t\t\t\t\t\t\t\t\t\t<a href=\"https:\/\/www.germantimber.company\/en\/hartholzstaemme\/\">\n\t\t\t\t\t\t\t<img decoding=\"async\" src=\"https:\/\/www.germantimber.company\/wp-content\/uploads\/elementor\/thumbs\/hartholzstaemme-ovvrglesuusjygmmvlecr511vyerp8mnrp02wrrdsk.jpg\" title=\"hartholzstaemme\" alt=\"hartholzstaemme\" loading=\"lazy\" \/>\t\t\t\t\t\t\t\t<\/a>\n\t\t\t\t\t\t\t\t\t\t\t\t\t\t\t<\/div>\n\t\t\t\t<\/div>\n\t\t\t\t<div class=\"elementor-element elementor-element-f3b0a29 animated-slow elementor-invisible elementor-widget elementor-widget-heading\" data-id=\"f3b0a29\" data-element_type=\"widget\" data-e-type=\"widget\" data-settings=\"{&quot;_animation&quot;:&quot;fadeIn&quot;}\" data-widget_type=\"heading.default\">\n\t\t\t\t<div class=\"elementor-widget-container\">\n\t\t\t\t\t<h2 class=\"elementor-heading-title elementor-size-default\">hard<br>wood<\/h2>\t\t\t\t<\/div>\n\t\t\t\t<\/div>\n\t\t\t\t<div class=\"elementor-element elementor-element-6c2049b elementor-widget elementor-widget-text-editor\" data-id=\"6c2049b\" data-element_type=\"widget\" data-e-type=\"widget\" data-widget_type=\"text-editor.default\">\n\t\t\t\t<div class=\"elementor-widget-container\">\n\t\t\t\t\t\t\t\t\t<p>Hardwood is denser, heavier and much more resilient than softwood and is used, for example, in high-quality furniture and tool making.<\/p>\t\t\t\t\t\t\t\t<\/div>\n\t\t\t\t<\/div>\n\t\t\t\t<div class=\"elementor-element elementor-element-e21ba94 elementor-align-center elementor-mobile-align-center elementor-widget elementor-widget-button\" data-id=\"e21ba94\" data-element_type=\"widget\" data-e-type=\"widget\" data-widget_type=\"button.default\">\n\t\t\t\t<div class=\"elementor-widget-container\">\n\t\t\t\t\t\t\t\t\t<div class=\"elementor-button-wrapper\">\n\t\t\t\t\t<a class=\"elementor-button elementor-button-link elementor-size-sm\" href=\"https:\/\/www.germantimber.company\/en\/hartholzstaemme\/\">\n\t\t\t\t\t\t<span class=\"elementor-button-content-wrapper\">\n\t\t\t\t\t\t\t\t\t<span class=\"elementor-button-text\">more information<\/span>\n\t\t\t\t\t<\/span>\n\t\t\t\t\t<\/a>\n\t\t\t\t<\/div>\n\t\t\t\t\t\t\t\t<\/div>\n\t\t\t\t<\/div>\n\t\t\t\t\t<\/div>\n\t\t<\/div>\n\t\t\t\t<div class=\"elementor-column elementor-col-33 elementor-top-column elementor-element elementor-element-ee8cba8\" data-id=\"ee8cba8\" data-element_type=\"column\" data-e-type=\"column\" data-settings=\"{&quot;background_background&quot;:&quot;classic&quot;}\">\n\t\t\t<div class=\"elementor-widget-wrap elementor-element-populated\">\n\t\t\t\t\t\t<div class=\"elementor-element elementor-element-724e1e9 elementor-widget elementor-widget-image\" data-id=\"724e1e9\" data-element_type=\"widget\" data-e-type=\"widget\" data-widget_type=\"image.default\">\n\t\t\t\t<div class=\"elementor-widget-container\">\n\t\t\t\t\t\t\t\t\t\t\t\t\t\t\t\t<a href=\"https:\/\/www.germantimber.company\/en\/schnittholz\/\">\n\t\t\t\t\t\t\t<img decoding=\"async\" src=\"https:\/\/www.germantimber.company\/wp-content\/uploads\/elementor\/thumbs\/schnittholz-ovvrgmcn1otua2l9q3szbmsihca4wxqe3tnke1pzmc.jpg\" title=\"schnittholz\" alt=\"schnittholz\" loading=\"lazy\" \/>\t\t\t\t\t\t\t\t<\/a>\n\t\t\t\t\t\t\t\t\t\t\t\t\t\t\t<\/div>\n\t\t\t\t<\/div>\n\t\t\t\t<div class=\"elementor-element elementor-element-5df9bfd animated-slow elementor-invisible elementor-widget elementor-widget-heading\" data-id=\"5df9bfd\" data-element_type=\"widget\" data-e-type=\"widget\" data-settings=\"{&quot;_animation&quot;:&quot;fadeIn&quot;}\" data-widget_type=\"heading.default\">\n\t\t\t\t<div class=\"elementor-widget-container\">\n\t\t\t\t\t<h2 class=\"elementor-heading-title elementor-size-default\">sawn<br>wood<\/h2>\t\t\t\t<\/div>\n\t\t\t\t<\/div>\n\t\t\t\t<div class=\"elementor-element elementor-element-a639d31 elementor-widget elementor-widget-text-editor\" data-id=\"a639d31\" data-element_type=\"widget\" data-e-type=\"widget\" data-widget_type=\"text-editor.default\">\n\t\t\t\t<div class=\"elementor-widget-container\">\n\t\t\t\t\t\t\t\t\t<p>For the sawn timber, round timber is sawn parallel to the log axis. You receive sawn timber products according to your requirements.<\/p>\t\t\t\t\t\t\t\t<\/div>\n\t\t\t\t<\/div>\n\t\t\t\t<div class=\"elementor-element elementor-element-163be70 elementor-align-center elementor-mobile-align-center elementor-widget elementor-widget-button\" data-id=\"163be70\" data-element_type=\"widget\" data-e-type=\"widget\" data-widget_type=\"button.default\">\n\t\t\t\t<div class=\"elementor-widget-container\">\n\t\t\t\t\t\t\t\t\t<div class=\"elementor-button-wrapper\">\n\t\t\t\t\t<a class=\"elementor-button elementor-button-link elementor-size-sm\" href=\"https:\/\/www.germantimber.company\/en\/hartholzstaemme\/\">\n\t\t\t\t\t\t<span class=\"elementor-button-content-wrapper\">\n\t\t\t\t\t\t\t\t\t<span class=\"elementor-button-text\">more information<\/span>\n\t\t\t\t\t<\/span>\n\t\t\t\t\t<\/a>\n\t\t\t\t<\/div>\n\t\t\t\t\t\t\t\t<\/div>\n\t\t\t\t<\/div>\n\t\t\t\t\t<\/div>\n\t\t<\/div>\n\t\t\t\t\t<\/div>\n\t\t<\/section>\n\t\t\t\t<\/div>","protected":false},"excerpt":{"rendered":"<p>German Timber Company Holz ist unsere Leidenschaft! mehr erfahren Holz ist die basis unserer arbeit Ein einzigartiger Rohstoff Holz bereichert unser Leben der Vergangenheit, der Gegenwart und der Zukunft. Einzigartig in Eigenschaften und Optik. Nadelholz Nadelholz ist witterungsbest\u00e4ndiger und homogener als Laubholz und findet for allem Verwendung als Bau- und Schnittholz. mehr Informationen Laubholz Laubholz [&hellip;]<\/p>\n","protected":false},"author":1,"featured_media":0,"parent":0,"menu_order":0,"comment_status":"closed","ping_status":"closed","template":"","meta":{"footnotes":""},"class_list":["post-11","page","type-page","status-publish","hentry"],"yoast_head":"<!-- This site is optimized with the Yoast SEO plugin v27.6 - https:\/\/yoast.com\/product\/yoast-seo-wordpress\/ -->\n<title>German Timber Company - internationaler Holzhandel<\/title>\n<meta name=\"description\" content=\"Die German Timber Company ist f\u00fcr dein Einkauf von Hart- und Weichholzsst\u00e4mme f\u00fcr den Export spezialisiert.\" \/>\n<meta name=\"robots\" content=\"index, follow, max-snippet:-1, max-image-preview:large, max-video-preview:-1\" \/>\n<link rel=\"canonical\" href=\"https:\/\/www.germantimber.company\/en\/\" \/>\n<meta property=\"og:locale\" content=\"en_US\" \/>\n<meta property=\"og:type\" content=\"article\" \/>\n<meta property=\"og:title\" content=\"German Timber Company - internationaler Holzhandel\" \/>\n<meta property=\"og:description\" content=\"Die German Timber Company ist f\u00fcr dein Einkauf von Hart- und Weichholzsst\u00e4mme f\u00fcr den Export spezialisiert.\" \/>\n<meta property=\"og:url\" content=\"https:\/\/www.germantimber.company\/en\/\" \/>\n<meta property=\"og:site_name\" content=\"German Timber Company\" \/>\n<meta property=\"article:modified_time\" content=\"2022-09-22T21:19:07+00:00\" \/>\n<meta property=\"og:image\" content=\"https:\/\/www.germantimber.company\/wp-content\/uploads\/2020\/10\/baum-querschnitt.png\" \/>\n<meta name=\"twitter:card\" content=\"summary_large_image\" \/>\n<meta name=\"twitter:label1\" content=\"Est. reading time\" \/>\n\t<meta name=\"twitter:data1\" content=\"2 minutes\" \/>\n<script type=\"application\/ld+json\" class=\"yoast-schema-graph\">{\"@context\":\"https:\\\/\\\/schema.org\",\"@graph\":[{\"@type\":\"WebPage\",\"@id\":\"https:\\\/\\\/www.germantimber.company\\\/\",\"url\":\"https:\\\/\\\/www.germantimber.company\\\/\",\"name\":\"German Timber Company - internationaler Holzhandel\",\"isPartOf\":{\"@id\":\"https:\\\/\\\/www.germantimber.company\\\/#website\"},\"primaryImageOfPage\":{\"@id\":\"https:\\\/\\\/www.germantimber.company\\\/#primaryimage\"},\"image\":{\"@id\":\"https:\\\/\\\/www.germantimber.company\\\/#primaryimage\"},\"thumbnailUrl\":\"https:\\\/\\\/www.germantimber.company\\\/wp-content\\\/uploads\\\/2020\\\/10\\\/baum-querschnitt.png\",\"datePublished\":\"2020-09-21T13:36:24+00:00\",\"dateModified\":\"2022-09-22T21:19:07+00:00\",\"description\":\"Die German Timber Company ist f\u00fcr dein Einkauf von Hart- und Weichholzsst\u00e4mme f\u00fcr den Export spezialisiert.\",\"breadcrumb\":{\"@id\":\"https:\\\/\\\/www.germantimber.company\\\/#breadcrumb\"},\"inLanguage\":\"en-CA\",\"potentialAction\":[{\"@type\":\"ReadAction\",\"target\":[\"https:\\\/\\\/www.germantimber.company\\\/\"]}]},{\"@type\":\"ImageObject\",\"inLanguage\":\"en-CA\",\"@id\":\"https:\\\/\\\/www.germantimber.company\\\/#primaryimage\",\"url\":\"https:\\\/\\\/www.germantimber.company\\\/wp-content\\\/uploads\\\/2020\\\/10\\\/baum-querschnitt.png\",\"contentUrl\":\"https:\\\/\\\/www.germantimber.company\\\/wp-content\\\/uploads\\\/2020\\\/10\\\/baum-querschnitt.png\"},{\"@type\":\"BreadcrumbList\",\"@id\":\"https:\\\/\\\/www.germantimber.company\\\/#breadcrumb\",\"itemListElement\":[{\"@type\":\"ListItem\",\"position\":1,\"name\":\"Startseite\",\"item\":\"https:\\\/\\\/www.germantimber.company\\\/\"},{\"@type\":\"ListItem\",\"position\":2,\"name\":\"Start\"}]},{\"@type\":\"WebSite\",\"@id\":\"https:\\\/\\\/www.germantimber.company\\\/#website\",\"url\":\"https:\\\/\\\/www.germantimber.company\\\/\",\"name\":\"German Timber Company\",\"description\":\"\",\"publisher\":{\"@id\":\"https:\\\/\\\/www.germantimber.company\\\/#organization\"},\"potentialAction\":[{\"@type\":\"SearchAction\",\"target\":{\"@type\":\"EntryPoint\",\"urlTemplate\":\"https:\\\/\\\/www.germantimber.company\\\/?s={search_term_string}\"},\"query-input\":{\"@type\":\"PropertyValueSpecification\",\"valueRequired\":true,\"valueName\":\"search_term_string\"}}],\"inLanguage\":\"en-CA\"},{\"@type\":\"Organization\",\"@id\":\"https:\\\/\\\/www.germantimber.company\\\/#organization\",\"name\":\"German Timber Company\",\"url\":\"https:\\\/\\\/www.germantimber.company\\\/\",\"logo\":{\"@type\":\"ImageObject\",\"inLanguage\":\"en-CA\",\"@id\":\"https:\\\/\\\/www.germantimber.company\\\/#\\\/schema\\\/logo\\\/image\\\/\",\"url\":\"https:\\\/\\\/www.germantimber.company\\\/wp-content\\\/uploads\\\/2020\\\/09\\\/GTC-Logo.svg\",\"contentUrl\":\"https:\\\/\\\/www.germantimber.company\\\/wp-content\\\/uploads\\\/2020\\\/09\\\/GTC-Logo.svg\",\"caption\":\"German Timber Company\"},\"image\":{\"@id\":\"https:\\\/\\\/www.germantimber.company\\\/#\\\/schema\\\/logo\\\/image\\\/\"}}]}<\/script>\n<!-- \/ Yoast SEO plugin. -->","yoast_head_json":{"title":"German Timber Company - internationaler Holzhandel","description":"Die German Timber Company ist f\u00fcr dein Einkauf von Hart- und Weichholzsst\u00e4mme f\u00fcr den Export spezialisiert.","robots":{"index":"index","follow":"follow","max-snippet":"max-snippet:-1","max-image-preview":"max-image-preview:large","max-video-preview":"max-video-preview:-1"},"canonical":"https:\/\/www.germantimber.company\/en\/","og_locale":"en_US","og_type":"article","og_title":"German Timber Company - internationaler Holzhandel","og_description":"Die German Timber Company ist f\u00fcr dein Einkauf von Hart- und Weichholzsst\u00e4mme f\u00fcr den Export spezialisiert.","og_url":"https:\/\/www.germantimber.company\/en\/","og_site_name":"German Timber Company","article_modified_time":"2022-09-22T21:19:07+00:00","og_image":[{"url":"https:\/\/www.germantimber.company\/wp-content\/uploads\/2020\/10\/baum-querschnitt.png","type":"","width":"","height":""}],"twitter_card":"summary_large_image","twitter_misc":{"Est. reading time":"2 minutes"},"schema":{"@context":"https:\/\/schema.org","@graph":[{"@type":"WebPage","@id":"https:\/\/www.germantimber.company\/","url":"https:\/\/www.germantimber.company\/","name":"German Timber Company - internationaler Holzhandel","isPartOf":{"@id":"https:\/\/www.germantimber.company\/#website"},"primaryImageOfPage":{"@id":"https:\/\/www.germantimber.company\/#primaryimage"},"image":{"@id":"https:\/\/www.germantimber.company\/#primaryimage"},"thumbnailUrl":"https:\/\/www.germantimber.company\/wp-content\/uploads\/2020\/10\/baum-querschnitt.png","datePublished":"2020-09-21T13:36:24+00:00","dateModified":"2022-09-22T21:19:07+00:00","description":"Die German Timber Company ist f\u00fcr dein Einkauf von Hart- und Weichholzsst\u00e4mme f\u00fcr den Export spezialisiert.","breadcrumb":{"@id":"https:\/\/www.germantimber.company\/#breadcrumb"},"inLanguage":"en-CA","potentialAction":[{"@type":"ReadAction","target":["https:\/\/www.germantimber.company\/"]}]},{"@type":"ImageObject","inLanguage":"en-CA","@id":"https:\/\/www.germantimber.company\/#primaryimage","url":"https:\/\/www.germantimber.company\/wp-content\/uploads\/2020\/10\/baum-querschnitt.png","contentUrl":"https:\/\/www.germantimber.company\/wp-content\/uploads\/2020\/10\/baum-querschnitt.png"},{"@type":"BreadcrumbList","@id":"https:\/\/www.germantimber.company\/#breadcrumb","itemListElement":[{"@type":"ListItem","position":1,"name":"Startseite","item":"https:\/\/www.germantimber.company\/"},{"@type":"ListItem","position":2,"name":"Start"}]},{"@type":"WebSite","@id":"https:\/\/www.germantimber.company\/#website","url":"https:\/\/www.germantimber.company\/","name":"German Timber Company","description":"","publisher":{"@id":"https:\/\/www.germantimber.company\/#organization"},"potentialAction":[{"@type":"SearchAction","target":{"@type":"EntryPoint","urlTemplate":"https:\/\/www.germantimber.company\/?s={search_term_string}"},"query-input":{"@type":"PropertyValueSpecification","valueRequired":true,"valueName":"search_term_string"}}],"inLanguage":"en-CA"},{"@type":"Organization","@id":"https:\/\/www.germantimber.company\/#organization","name":"German Timber Company","url":"https:\/\/www.germantimber.company\/","logo":{"@type":"ImageObject","inLanguage":"en-CA","@id":"https:\/\/www.germantimber.company\/#\/schema\/logo\/image\/","url":"https:\/\/www.germantimber.company\/wp-content\/uploads\/2020\/09\/GTC-Logo.svg","contentUrl":"https:\/\/www.germantimber.company\/wp-content\/uploads\/2020\/09\/GTC-Logo.svg","caption":"German Timber Company"},"image":{"@id":"https:\/\/www.germantimber.company\/#\/schema\/logo\/image\/"}}]}},"_links":{"self":[{"href":"https:\/\/www.germantimber.company\/en\/wp-json\/wp\/v2\/pages\/11","targetHints":{"allow":["GET"]}}],"collection":[{"href":"https:\/\/www.germantimber.company\/en\/wp-json\/wp\/v2\/pages"}],"about":[{"href":"https:\/\/www.germantimber.company\/en\/wp-json\/wp\/v2\/types\/page"}],"author":[{"embeddable":true,"href":"https:\/\/www.germantimber.company\/en\/wp-json\/wp\/v2\/users\/1"}],"replies":[{"embeddable":true,"href":"https:\/\/www.germantimber.company\/en\/wp-json\/wp\/v2\/comments?post=11"}],"version-history":[{"count":90,"href":"https:\/\/www.germantimber.company\/en\/wp-json\/wp\/v2\/pages\/11\/revisions"}],"predecessor-version":[{"id":619,"href":"https:\/\/www.germantimber.company\/en\/wp-json\/wp\/v2\/pages\/11\/revisions\/619"}],"wp:attachment":[{"href":"https:\/\/www.germantimber.company\/en\/wp-json\/wp\/v2\/media?parent=11"}],"curies":[{"name":"wp","href":"https:\/\/api.w.org\/{rel}","templated":true}]}}