{"id":19,"date":"2020-09-21T15:51:00","date_gmt":"2020-09-21T13:51:00","guid":{"rendered":"http:\/\/web.germantimber.company\/?page_id=19"},"modified":"2022-09-22T23:39:46","modified_gmt":"2022-09-22T21:39:46","slug":"ueber-uns","status":"publish","type":"page","link":"https:\/\/www.germantimber.company\/en\/ueber-uns\/","title":{"rendered":"About us"},"content":{"rendered":"<div data-elementor-type=\"wp-page\" data-elementor-id=\"19\" class=\"elementor elementor-19\" data-elementor-post-type=\"page\">\n\t\t\t\t\t\t<section class=\"elementor-section elementor-top-section elementor-element elementor-element-ee01f7b elementor-section-height-min-height elementor-section-boxed elementor-section-height-default elementor-section-items-middle\" data-id=\"ee01f7b\" data-element_type=\"section\" data-e-type=\"section\" data-settings=\"{&quot;background_background&quot;:&quot;classic&quot;,&quot;shape_divider_bottom&quot;:&quot;arrow&quot;}\">\n\t\t\t\t\t\t\t<div class=\"elementor-background-overlay\"><\/div>\n\t\t\t\t\t\t<div class=\"elementor-shape elementor-shape-bottom\" aria-hidden=\"true\" data-negative=\"false\">\n\t\t\t<svg xmlns=\"http:\/\/www.w3.org\/2000\/svg\" viewbox=\"0 0 700 10\" preserveaspectratio=\"none\">\n\t<path class=\"elementor-shape-fill\" d=\"M350,10L340,0h20L350,10z\"\/>\n<\/svg>\t\t<\/div>\n\t\t\t\t\t<div class=\"elementor-container elementor-column-gap-no\">\n\t\t\t\t\t<div class=\"elementor-column elementor-col-100 elementor-top-column elementor-element elementor-element-631ab8f\" data-id=\"631ab8f\" data-element_type=\"column\" data-e-type=\"column\">\n\t\t\t<div class=\"elementor-widget-wrap elementor-element-populated\">\n\t\t\t\t\t\t<div class=\"elementor-element elementor-element-528d5bd animated-slow elementor-invisible elementor-widget elementor-widget-heading\" data-id=\"528d5bd\" data-element_type=\"widget\" data-e-type=\"widget\" data-settings=\"{&quot;_animation&quot;:&quot;fadeInUp&quot;,&quot;_animation_delay&quot;:2500}\" data-widget_type=\"heading.default\">\n\t\t\t\t<div class=\"elementor-widget-container\">\n\t\t\t\t\t<h2 class=\"elementor-heading-title elementor-size-default\">Wood is our life<\/h2>\t\t\t\t<\/div>\n\t\t\t\t<\/div>\n\t\t\t\t<div class=\"elementor-element elementor-element-6b31a96 animated-slow elementor-invisible elementor-widget elementor-widget-heading\" data-id=\"6b31a96\" data-element_type=\"widget\" data-e-type=\"widget\" data-settings=\"{&quot;_animation&quot;:&quot;zoomIn&quot;,&quot;_animation_delay&quot;:500}\" data-widget_type=\"heading.default\">\n\t\t\t\t<div class=\"elementor-widget-container\">\n\t\t\t\t\t<h2 class=\"elementor-heading-title elementor-size-default\">The German Timber Company<\/h2>\t\t\t\t<\/div>\n\t\t\t\t<\/div>\n\t\t\t\t\t<\/div>\n\t\t<\/div>\n\t\t\t\t\t<\/div>\n\t\t<\/section>\n\t\t\t\t<section class=\"elementor-section elementor-top-section elementor-element elementor-element-62467fc elementor-section-boxed elementor-section-height-default elementor-section-height-default\" data-id=\"62467fc\" data-element_type=\"section\" data-e-type=\"section\">\n\t\t\t\t\t\t<div class=\"elementor-container elementor-column-gap-default\">\n\t\t\t\t\t<div class=\"elementor-column elementor-col-100 elementor-top-column elementor-element elementor-element-dbbbbd5\" data-id=\"dbbbbd5\" data-element_type=\"column\" data-e-type=\"column\" data-settings=\"{&quot;background_background&quot;:&quot;classic&quot;}\">\n\t\t\t<div class=\"elementor-widget-wrap elementor-element-populated\">\n\t\t\t\t\t\t<div class=\"elementor-element elementor-element-d020732 elementor-widget elementor-widget-text-editor\" data-id=\"d020732\" data-element_type=\"widget\" data-e-type=\"widget\" data-widget_type=\"text-editor.default\">\n\t\t\t\t<div class=\"elementor-widget-container\">\n\t\t\t\t\t\t\t\t\t<p>The GTC German Timber Company GmbH is an internationally operating timber trading company in the round and sawn timber sector. Our purchasing areas are in Europe and America and we supply the markets in the Near, Middle and Far East.<\/p>\t\t\t\t\t\t\t\t<\/div>\n\t\t\t\t<\/div>\n\t\t\t\t\t<\/div>\n\t\t<\/div>\n\t\t\t\t\t<\/div>\n\t\t<\/section>\n\t\t\t\t<section class=\"elementor-section elementor-top-section elementor-element elementor-element-62f46aa animated-slow elementor-section-boxed elementor-section-height-default elementor-section-height-default elementor-invisible\" data-id=\"62f46aa\" data-element_type=\"section\" data-e-type=\"section\" data-settings=\"{&quot;animation&quot;:&quot;fadeInDown&quot;}\">\n\t\t\t\t\t\t<div class=\"elementor-container elementor-column-gap-default\">\n\t\t\t\t\t<div class=\"elementor-column elementor-col-100 elementor-top-column elementor-element elementor-element-c40da20\" data-id=\"c40da20\" data-element_type=\"column\" data-e-type=\"column\" data-settings=\"{&quot;background_background&quot;:&quot;classic&quot;}\">\n\t\t\t<div class=\"elementor-widget-wrap elementor-element-populated\">\n\t\t\t\t\t\t<div class=\"elementor-element elementor-element-904da1e elementor-widget elementor-widget-text-editor\" data-id=\"904da1e\" data-element_type=\"widget\" data-e-type=\"widget\" data-widget_type=\"text-editor.default\">\n\t\t\t\t<div class=\"elementor-widget-container\">\n\t\t\t\t\t\t\t\t\t<p>Customer satisfaction is the central focus of our activities. Our employees have many years of experience in the wood and logistics industry and convince our customers with customized supply chain management concepts and optimized logistics solutions.<\/p>\t\t\t\t\t\t\t\t<\/div>\n\t\t\t\t<\/div>\n\t\t\t\t\t<\/div>\n\t\t<\/div>\n\t\t\t\t\t<\/div>\n\t\t<\/section>\n\t\t\t\t<section class=\"elementor-section elementor-top-section elementor-element elementor-element-6063d0d elementor-section-boxed elementor-section-height-default elementor-section-height-default\" data-id=\"6063d0d\" data-element_type=\"section\" data-e-type=\"section\">\n\t\t\t\t\t\t<div class=\"elementor-container elementor-column-gap-default\">\n\t\t\t\t\t<div class=\"elementor-column elementor-col-33 elementor-top-column elementor-element elementor-element-a452c8b elementor-invisible\" data-id=\"a452c8b\" data-element_type=\"column\" data-e-type=\"column\" data-settings=\"{&quot;background_background&quot;:&quot;classic&quot;,&quot;animation&quot;:&quot;fadeInLeft&quot;}\">\n\t\t\t<div class=\"elementor-widget-wrap elementor-element-populated\">\n\t\t\t\t\t\t<div class=\"elementor-element elementor-element-b2e3e64 elementor-view-framed elementor-shape-circle elementor-widget elementor-widget-icon\" data-id=\"b2e3e64\" data-element_type=\"widget\" data-e-type=\"widget\" data-widget_type=\"icon.default\">\n\t\t\t\t<div class=\"elementor-widget-container\">\n\t\t\t\t\t\t\t<div class=\"elementor-icon-wrapper\">\n\t\t\t<div class=\"elementor-icon\">\n\t\t\t<i aria-hidden=\"true\" class=\"fas fa-globe\"><\/i>\t\t\t<\/div>\n\t\t<\/div>\n\t\t\t\t\t\t<\/div>\n\t\t\t\t<\/div>\n\t\t\t\t<div class=\"elementor-element elementor-element-db86077 elementor-widget elementor-widget-text-editor\" data-id=\"db86077\" data-element_type=\"widget\" data-e-type=\"widget\" data-widget_type=\"text-editor.default\">\n\t\t\t\t<div class=\"elementor-widget-container\">\n\t\t\t\t\t\t\t\t\t<p>Our company was founded in September 2014 by Schuster-HOLZ-Team GmbH, the former marketing company of Bien-Holz GmbH.<br \/>Fields of activity: Distribution of pallet elements from Germany and the Baltic States to the Gulf States, India and Korea. Distribution of hardwood logs and hardwood lumber to China and Japan.<\/p>\t\t\t\t\t\t\t\t<\/div>\n\t\t\t\t<\/div>\n\t\t\t\t\t<\/div>\n\t\t<\/div>\n\t\t\t\t<div class=\"elementor-column elementor-col-33 elementor-top-column elementor-element elementor-element-12e956e elementor-invisible\" data-id=\"12e956e\" data-element_type=\"column\" data-e-type=\"column\" data-settings=\"{&quot;background_background&quot;:&quot;classic&quot;,&quot;animation&quot;:&quot;fadeInUp&quot;,&quot;animation_delay&quot;:500}\">\n\t\t\t<div class=\"elementor-widget-wrap elementor-element-populated\">\n\t\t\t\t\t\t<div class=\"elementor-element elementor-element-6ba0681 elementor-view-framed elementor-shape-circle elementor-widget elementor-widget-icon\" data-id=\"6ba0681\" data-element_type=\"widget\" data-e-type=\"widget\" data-widget_type=\"icon.default\">\n\t\t\t\t<div class=\"elementor-widget-container\">\n\t\t\t\t\t\t\t<div class=\"elementor-icon-wrapper\">\n\t\t\t<div class=\"elementor-icon\">\n\t\t\t<i aria-hidden=\"true\" class=\"fas fa-ship\"><\/i>\t\t\t<\/div>\n\t\t<\/div>\n\t\t\t\t\t\t<\/div>\n\t\t\t\t<\/div>\n\t\t\t\t<div class=\"elementor-element elementor-element-63289ed elementor-widget elementor-widget-text-editor\" data-id=\"63289ed\" data-element_type=\"widget\" data-e-type=\"widget\" data-widget_type=\"text-editor.default\">\n\t\t\t\t<div class=\"elementor-widget-container\">\n\t\t\t\t\t\t\t\t\t<p>In April 2018 the shares of Schuster-HOLZ-Team GmbH in GTC were bought by Mr. Yue Mi, owner of Western Coast Enterprise Ltd. from BC\/Canada. Fields of activity: Export of sawn timber from Germany, Belgium, Ukraine, Belarus and Scandinavia. Export of round timber from Germany, Belgium, France, Poland and Czech Republic. Establishment of central wood transshipment centers for round timber and sawn timber and implementation of innovative solutions in the field of timber logistics.<\/p>\t\t\t\t\t\t\t\t<\/div>\n\t\t\t\t<\/div>\n\t\t\t\t\t<\/div>\n\t\t<\/div>\n\t\t\t\t<div class=\"elementor-column elementor-col-33 elementor-top-column elementor-element elementor-element-4de90a0 elementor-invisible\" data-id=\"4de90a0\" data-element_type=\"column\" data-e-type=\"column\" data-settings=\"{&quot;background_background&quot;:&quot;classic&quot;,&quot;animation&quot;:&quot;fadeInRight&quot;,&quot;animation_delay&quot;:1000}\">\n\t\t\t<div class=\"elementor-widget-wrap elementor-element-populated\">\n\t\t\t\t\t\t<div class=\"elementor-element elementor-element-78408ce elementor-view-framed elementor-shape-circle elementor-widget elementor-widget-icon\" data-id=\"78408ce\" data-element_type=\"widget\" data-e-type=\"widget\" data-widget_type=\"icon.default\">\n\t\t\t\t<div class=\"elementor-widget-container\">\n\t\t\t\t\t\t\t<div class=\"elementor-icon-wrapper\">\n\t\t\t<div class=\"elementor-icon\">\n\t\t\t<i aria-hidden=\"true\" class=\"fas fa-expand-alt\"><\/i>\t\t\t<\/div>\n\t\t<\/div>\n\t\t\t\t\t\t<\/div>\n\t\t\t\t<\/div>\n\t\t\t\t<div class=\"elementor-element elementor-element-d84b588 elementor-widget elementor-widget-text-editor\" data-id=\"d84b588\" data-element_type=\"widget\" data-e-type=\"widget\" data-widget_type=\"text-editor.default\">\n\t\t\t\t<div class=\"elementor-widget-container\">\n\t\t\t\t\t\t\t\t\t<p>Since April 2018, GTC has developed from a supplier for niche markets to a reliable supplier for commodity markets. With an export volume of over 100,000 Huber of logs per month, GTC is now one of the leading log export companies in Germany.<\/p>\t\t\t\t\t\t\t\t<\/div>\n\t\t\t\t<\/div>\n\t\t\t\t\t<\/div>\n\t\t<\/div>\n\t\t\t\t\t<\/div>\n\t\t<\/section>\n\t\t\t\t<\/div>","protected":false},"excerpt":{"rendered":"<p>Holz ist unser leben Die German Timber Company Die GTC German Timber Company GmbH ist ein international agierendes Holzhandelsunternehmen im Rund &#8211; und Schnittholzbereich. Unsere Einkaufsgebiete liegen in Europa und Amerika und wir beliefern die M\u00e4rkte im Nahen, Mittleren und Fernen Osten. Die Kundenzufriedenheit ist der zentrale Dreh- und Angelpunkt unseres Handelns. Unsere Mitarbeiter haben [&hellip;]<\/p>\n","protected":false},"author":1,"featured_media":0,"parent":0,"menu_order":0,"comment_status":"closed","ping_status":"closed","template":"","meta":{"footnotes":""},"class_list":["post-19","page","type-page","status-publish","hentry"],"yoast_head":"<!-- This site is optimized with the Yoast SEO plugin v27.4 - https:\/\/yoast.com\/product\/yoast-seo-wordpress\/ -->\n<title>German Timber Company - Holzeinkauf und internationaler Holzhandel<\/title>\n<meta name=\"description\" content=\"Die GTC ist ma\u00dfgeblich f\u00fcr den Einkauf und die Auswahl von Hart- und Weichholzst\u00e4mmen in deutschen W\u00e4ldern verantwortlich.\" \/>\n<meta name=\"robots\" content=\"index, follow, max-snippet:-1, max-image-preview:large, max-video-preview:-1\" \/>\n<link rel=\"canonical\" href=\"https:\/\/www.germantimber.company\/en\/ueber-uns\/\" \/>\n<meta property=\"og:locale\" content=\"en_US\" \/>\n<meta property=\"og:type\" content=\"article\" \/>\n<meta property=\"og:title\" content=\"German Timber Company - Holzeinkauf und internationaler Holzhandel\" \/>\n<meta property=\"og:description\" content=\"Die GTC ist ma\u00dfgeblich f\u00fcr den Einkauf und die Auswahl von Hart- und Weichholzst\u00e4mmen in deutschen W\u00e4ldern verantwortlich.\" \/>\n<meta property=\"og:url\" content=\"https:\/\/www.germantimber.company\/en\/ueber-uns\/\" \/>\n<meta property=\"og:site_name\" content=\"German Timber Company\" \/>\n<meta property=\"article:modified_time\" content=\"2022-09-22T21:39:46+00:00\" \/>\n<meta name=\"twitter:card\" content=\"summary_large_image\" \/>\n<meta name=\"twitter:label1\" content=\"Est. reading time\" \/>\n\t<meta name=\"twitter:data1\" content=\"2 minutes\" \/>\n<script type=\"application\/ld+json\" class=\"yoast-schema-graph\">{\"@context\":\"https:\\\/\\\/schema.org\",\"@graph\":[{\"@type\":\"WebPage\",\"@id\":\"https:\\\/\\\/www.germantimber.company\\\/ueber-uns\\\/\",\"url\":\"https:\\\/\\\/www.germantimber.company\\\/ueber-uns\\\/\",\"name\":\"German Timber Company - Holzeinkauf und internationaler Holzhandel\",\"isPartOf\":{\"@id\":\"https:\\\/\\\/www.germantimber.company\\\/#website\"},\"datePublished\":\"2020-09-21T13:51:00+00:00\",\"dateModified\":\"2022-09-22T21:39:46+00:00\",\"description\":\"Die GTC ist ma\u00dfgeblich f\u00fcr den Einkauf und die Auswahl von Hart- und Weichholzst\u00e4mmen in deutschen W\u00e4ldern verantwortlich.\",\"breadcrumb\":{\"@id\":\"https:\\\/\\\/www.germantimber.company\\\/ueber-uns\\\/#breadcrumb\"},\"inLanguage\":\"en-CA\",\"potentialAction\":[{\"@type\":\"ReadAction\",\"target\":[\"https:\\\/\\\/www.germantimber.company\\\/ueber-uns\\\/\"]}]},{\"@type\":\"BreadcrumbList\",\"@id\":\"https:\\\/\\\/www.germantimber.company\\\/ueber-uns\\\/#breadcrumb\",\"itemListElement\":[{\"@type\":\"ListItem\",\"position\":1,\"name\":\"Startseite\",\"item\":\"https:\\\/\\\/www.germantimber.company\\\/\"},{\"@type\":\"ListItem\",\"position\":2,\"name\":\"\u00dcber uns\"}]},{\"@type\":\"WebSite\",\"@id\":\"https:\\\/\\\/www.germantimber.company\\\/#website\",\"url\":\"https:\\\/\\\/www.germantimber.company\\\/\",\"name\":\"German Timber Company\",\"description\":\"\",\"publisher\":{\"@id\":\"https:\\\/\\\/www.germantimber.company\\\/#organization\"},\"potentialAction\":[{\"@type\":\"SearchAction\",\"target\":{\"@type\":\"EntryPoint\",\"urlTemplate\":\"https:\\\/\\\/www.germantimber.company\\\/?s={search_term_string}\"},\"query-input\":{\"@type\":\"PropertyValueSpecification\",\"valueRequired\":true,\"valueName\":\"search_term_string\"}}],\"inLanguage\":\"en-CA\"},{\"@type\":\"Organization\",\"@id\":\"https:\\\/\\\/www.germantimber.company\\\/#organization\",\"name\":\"German Timber Company\",\"url\":\"https:\\\/\\\/www.germantimber.company\\\/\",\"logo\":{\"@type\":\"ImageObject\",\"inLanguage\":\"en-CA\",\"@id\":\"https:\\\/\\\/www.germantimber.company\\\/#\\\/schema\\\/logo\\\/image\\\/\",\"url\":\"https:\\\/\\\/www.germantimber.company\\\/wp-content\\\/uploads\\\/2020\\\/09\\\/GTC-Logo.svg\",\"contentUrl\":\"https:\\\/\\\/www.germantimber.company\\\/wp-content\\\/uploads\\\/2020\\\/09\\\/GTC-Logo.svg\",\"caption\":\"German Timber Company\"},\"image\":{\"@id\":\"https:\\\/\\\/www.germantimber.company\\\/#\\\/schema\\\/logo\\\/image\\\/\"}}]}<\/script>\n<!-- \/ Yoast SEO plugin. -->","yoast_head_json":{"title":"German Timber Company - Holzeinkauf und internationaler Holzhandel","description":"Die GTC ist ma\u00dfgeblich f\u00fcr den Einkauf und die Auswahl von Hart- und Weichholzst\u00e4mmen in deutschen W\u00e4ldern verantwortlich.","robots":{"index":"index","follow":"follow","max-snippet":"max-snippet:-1","max-image-preview":"max-image-preview:large","max-video-preview":"max-video-preview:-1"},"canonical":"https:\/\/www.germantimber.company\/en\/ueber-uns\/","og_locale":"en_US","og_type":"article","og_title":"German Timber Company - Holzeinkauf und internationaler Holzhandel","og_description":"Die GTC ist ma\u00dfgeblich f\u00fcr den Einkauf und die Auswahl von Hart- und Weichholzst\u00e4mmen in deutschen W\u00e4ldern verantwortlich.","og_url":"https:\/\/www.germantimber.company\/en\/ueber-uns\/","og_site_name":"German Timber Company","article_modified_time":"2022-09-22T21:39:46+00:00","twitter_card":"summary_large_image","twitter_misc":{"Est. reading time":"2 minutes"},"schema":{"@context":"https:\/\/schema.org","@graph":[{"@type":"WebPage","@id":"https:\/\/www.germantimber.company\/ueber-uns\/","url":"https:\/\/www.germantimber.company\/ueber-uns\/","name":"German Timber Company - Holzeinkauf und internationaler Holzhandel","isPartOf":{"@id":"https:\/\/www.germantimber.company\/#website"},"datePublished":"2020-09-21T13:51:00+00:00","dateModified":"2022-09-22T21:39:46+00:00","description":"Die GTC ist ma\u00dfgeblich f\u00fcr den Einkauf und die Auswahl von Hart- und Weichholzst\u00e4mmen in deutschen W\u00e4ldern verantwortlich.","breadcrumb":{"@id":"https:\/\/www.germantimber.company\/ueber-uns\/#breadcrumb"},"inLanguage":"en-CA","potentialAction":[{"@type":"ReadAction","target":["https:\/\/www.germantimber.company\/ueber-uns\/"]}]},{"@type":"BreadcrumbList","@id":"https:\/\/www.germantimber.company\/ueber-uns\/#breadcrumb","itemListElement":[{"@type":"ListItem","position":1,"name":"Startseite","item":"https:\/\/www.germantimber.company\/"},{"@type":"ListItem","position":2,"name":"\u00dcber uns"}]},{"@type":"WebSite","@id":"https:\/\/www.germantimber.company\/#website","url":"https:\/\/www.germantimber.company\/","name":"German Timber Company","description":"","publisher":{"@id":"https:\/\/www.germantimber.company\/#organization"},"potentialAction":[{"@type":"SearchAction","target":{"@type":"EntryPoint","urlTemplate":"https:\/\/www.germantimber.company\/?s={search_term_string}"},"query-input":{"@type":"PropertyValueSpecification","valueRequired":true,"valueName":"search_term_string"}}],"inLanguage":"en-CA"},{"@type":"Organization","@id":"https:\/\/www.germantimber.company\/#organization","name":"German Timber Company","url":"https:\/\/www.germantimber.company\/","logo":{"@type":"ImageObject","inLanguage":"en-CA","@id":"https:\/\/www.germantimber.company\/#\/schema\/logo\/image\/","url":"https:\/\/www.germantimber.company\/wp-content\/uploads\/2020\/09\/GTC-Logo.svg","contentUrl":"https:\/\/www.germantimber.company\/wp-content\/uploads\/2020\/09\/GTC-Logo.svg","caption":"German Timber Company"},"image":{"@id":"https:\/\/www.germantimber.company\/#\/schema\/logo\/image\/"}}]}},"_links":{"self":[{"href":"https:\/\/www.germantimber.company\/en\/wp-json\/wp\/v2\/pages\/19","targetHints":{"allow":["GET"]}}],"collection":[{"href":"https:\/\/www.germantimber.company\/en\/wp-json\/wp\/v2\/pages"}],"about":[{"href":"https:\/\/www.germantimber.company\/en\/wp-json\/wp\/v2\/types\/page"}],"author":[{"embeddable":true,"href":"https:\/\/www.germantimber.company\/en\/wp-json\/wp\/v2\/users\/1"}],"replies":[{"embeddable":true,"href":"https:\/\/www.germantimber.company\/en\/wp-json\/wp\/v2\/comments?post=19"}],"version-history":[{"count":35,"href":"https:\/\/www.germantimber.company\/en\/wp-json\/wp\/v2\/pages\/19\/revisions"}],"predecessor-version":[{"id":673,"href":"https:\/\/www.germantimber.company\/en\/wp-json\/wp\/v2\/pages\/19\/revisions\/673"}],"wp:attachment":[{"href":"https:\/\/www.germantimber.company\/en\/wp-json\/wp\/v2\/media?parent=19"}],"curies":[{"name":"wp","href":"https:\/\/api.w.org\/{rel}","templated":true}]}}